{"id":1797,"date":"2020-06-17T22:35:44","date_gmt":"2020-06-17T22:35:44","guid":{"rendered":"https:\/\/sofa-ms.de\/?page_id=1797"},"modified":"2020-06-25T21:12:13","modified_gmt":"2020-06-25T21:12:13","slug":"rwe","status":"publish","type":"page","link":"https:\/\/sofa-ms.de\/?page_id=1797","title":{"rendered":"Sonderseite RWE-Aktion\u00e4rsversammlung"},"content":{"rendered":"<p>Am 26. Juni findet die diesj\u00e4hrige Aktion\u00e4rsversammlung von RWE statt &#8211; wegen der Corona-Pandemie nur als Online-Veranstaltung, was RWE angesichts ihrer Umweltverbrechen im rheinschen Braunkohlerevier und der Uranm\u00fcllexporte des Tochter-Unternehmens Urenco und somit zu erwartender Proteste und kritischer Gegenreden\/ Fragen gerade recht sein d\u00fcrfte. <strong>Doch wir lassen RWE nicht so einfach davon kommen und veranstalten <a href=\"#dezentral\">dezentrale Mahnwachen am 25.6.<\/a> und eine reale <a href=\"#zentral\">Protestkundgebung am 26.6.<\/a> vor der RWE-Zentrale (Altenessener Str. 35), los geht&#8217;s ab 9 Uhr. <\/strong><span style=\"text-decoration: underline;\">Statt Alu-H\u00fcten werden wir Mund-Nasen-Schutzmasken tragen und voneinander Abstand halten, um allen eine sichere Teilnahme an der Kundgebung zu erm\u00f6glichen. <\/span>Wer wegen der Pandemie Menschenansammlungen meiden m\u00f6chte, kann (Foto-)Beitr\u00e4ge der Kundgebung \u00fcber unseren <a href=\"https:\/\/twitter.com\/SofA_MS\" target=\"_blank\" rel=\"noopener noreferrer\">Twitter-Account<\/a> (und hier auf der Homepage) verfolgen.<span style=\"text-decoration: underline;\"><br \/>\n<\/span><\/p>\n<p>Hier findet ihr den <a href=\"https:\/\/www.kritischeaktionaere.de\/rwe\/gegenantraege-fuer-klimaschaedlichstes-unternehmen-im-dax\/\" target=\"_blank\" rel=\"noopener noreferrer\">Gegenantrag der kritischen Aktion\u00e4re<\/a> zur Entlastung des RWE-Vorstandes sowie <a href=\"https:\/\/www.kritischeaktionaere.de\/category\/hauptversammlung-2020\/\" target=\"_blank\" rel=\"noopener noreferrer\">100 Fragen<\/a>, die die kritischen Aktion\u00e4re gemeinsam mit Umweltverb\u00e4nden an den RWE-Konzern richten, die dieser in der Aktion\u00e4rsversammlung beantworten muss.<\/p>\n<p><a class=\"twitter-timeline\" href=\"https:\/\/twitter.com\/SofA_MS?ref_src=twsrc%5Etfw\">Tweets by SofA_MS<\/a> <script async src=\"https:\/\/platform.twitter.com\/widgets.js\" charset=\"utf-8\"><\/script> &nbsp;<\/p>\n<h3><span id=\"zentral\">Kundgebung 26. Juni 9 Uhr vor RWE-Zentrale<\/span><\/h3>\n<p>Adresse: Altenessener Str. 35\/ RWE-Platz 1 (<a href=\"https:\/\/goo.gl\/maps\/BAdQd3nQWWg5mtYz9\" target=\"_blank\" rel=\"noopener noreferrer\">google-maps<\/a>).<\/p>\n<p>Achtet bitte wegen der Corona-Pandemie auf entsprechenden Abstand zu anderen und tragt eine Mund-Nasen-Maske.<\/p>\n<ul>\n<li>musikalischen Protest gibt&#8217;s von Gerd Schinkel.<\/li>\n<li>Redebeitr\u00e4ge unter anderem von Buirer f\u00fcr Buir zum Hambi und Zukunft des Braunkohle-Reviers<\/li>\n<li>Videoschalte und Redebeitr\u00e4ge zum Tagebau Garzweiler zum Thema alle D\u00f6rfer bleiben<\/li>\n<li>Ecodefense Russland Co-Vorsitzende Alexandra Koroleva (derzeit Asylsuchend in Deutschland) berichtet \u00fcber Kohleimporte aus Russland und Uranm\u00fcllexporte nach Russland<\/li>\n<li>Videoschalte in die RWE-Hauptversammlung<\/li>\n<li>Performance der Artists for future und Hambi-Support Aachen<\/li>\n<li>Videoschalte zur fridays for future-Sch\u00fclerInnen-Demo in der Essener City<\/li>\n<li>Redebeitr\u00e4ge zum Divestment (fossil free) und klimafreundlicher Wirtschaftspolitik (Naturfreundejugend)<\/li>\n<\/ul>\n<h3><span id=\"dezentral\">Dezentrale Proteste am 25. Juni<\/span><span id=\"dezentral\">:<\/span><\/h3>\n<p>Die uns bekannten Aktionen ohne Anspruch auf Vollst\u00e4ndigkeit.<\/p>\n<ul>\n<li>Ahaus, Kundgebung vor der Kreistagssitzung um 16:30 Uhr vor der Stadthalle<img loading=\"lazy\" decoding=\"async\" class=\"size-medium wp-image-1843 aligncenter\" src=\"https:\/\/sofa-ms.de\/wp-content\/uploads\/2020\/06\/RWE-Demo-Ahaus-1-300x200.png\" alt=\"\" width=\"300\" height=\"200\" \/><\/li>\n<li>Lingen, Kundgebung 14 Uhr auf dem Marktplatz in Lingen unter dem Motto &#8222;RWE: Euer Profit &#8211; unser Risiko&#8220;<\/li>\n<li>Aachen,12 bis 17 Uhr, diverse Mahnwachen in Aachen im Bereich Geldbrunnen\/Ursulinerstra\u00dfe\/Hartmannstra\u00dfe unter dem Motto &#8222;RWE: Kehrtwende jetzt &#8211; Schluss mit Kohle und Atom&#8220; (zur <a href=\"#PM\">PM<\/a> der Aachner_innen)<\/li>\n<\/ul>\n<h3>weitere dezentrale Aktionen am Freitag 26.6.<\/h3>\n<ul>\n<li>26.6.: Rote Linie am Tagebau Garzweiler! von <a href=\"https:\/\/www.alle-doerfer-bleiben.de\/\" target=\"_blank\" rel=\"noopener noreferrer\">Alle D\u00f6rfer bleiben.<\/a>\u00a0Kommt am 26.6. um 10:30 Uhr zum Aussichtspunkt Nord am Tagebau Garzweiler. Es gibt auch eine gemeinsame Anreise vom Hauptbahnhof M\u00f6nchengladbach um 9:30 Uhr.<\/li>\n<li>erneute Protestaktionen rund um das Kraftwerk in Datteln von <a href=\"https:\/\/twitter.com\/FFFbleibtAktiv%20\" target=\"_blank\" rel=\"noopener noreferrer\">Fridays for Future<\/a><\/li>\n<\/ul>\n<hr \/>\n<p>Hier dokumentieren wir die <span id=\"PM\">PM<\/span> der Aachener Gruppen zu ihren Mahnwachen:<\/p>\n<p><strong>RWE: Kehrtwende jetzt &#8211; Schluss mit Kohle und Atom<\/strong><\/p>\n<p>Mahnwachen am Geldbrunnen und an der Ecke Ursulinerstra\u00dfe\/Buchkremerstra\u00dfe, Donnerstag, 25. Juni, von 12 bis 17 Uhr.<\/p>\n<p>Am Vortag der RWE Hauptversammlung in Essen werden in der Aachener Innenstadt mehrere Anti-Kohle- und Anti-Atomgruppen mit Mahnwachen auf die Verstrickung des Konzerns ins Atomgesch\u00e4ft und auf die Rolle von RWE als nach wie vor gr\u00f6\u00dfter CO2-Produzent hinweisen.<\/p>\n<p>Diverse Aachener Umwelt-, Anti-Atom- und Anti-Kohle-Gruppen sind an den Mahnwachen am Donnerstag, 25. Juni, beteiligt, Stop Tihange Deutschland e.V. \/ Aachener Aktionsb\u00fcndnis gegen Atomenergie, Energiegewinner Aachen e.G, Fridays for Future Aachen, HambiSupport Aachen, Greenpeace Aachen, Initiative 3 Rosen e.V., Extinction Rebellion Aachen, AKW-NEE-Gruppe Aachen<\/p>\n<p>Der K\u00f6lner Liedermacher Gerd Schinkel wird vor Ort sein, mit Liedern zum Thema Atom, er wird eine Rede zum Thema halten.<\/p>\n<p>Warum zwei Elemente? RWE ist ein global agierendes Unternehmen, dessen Aktivit\u00e4ten rund um den Globus zu Kohleabbau und Uranabbau f\u00fchren.<\/p>\n<p>In Deutschland ist RWE bundesweit aktiv: Von den AKW Gundremmingen im S\u00fcden und Lingen im Norden \u00fcber die Urananreicherung in Gronau ist der Konzern ins internationale Atomgesch\u00e4ft verstrickt<\/p>\n<p>Die Braunkohlekrafttwerke und die Tagebau im Rheinland sind mitverantwortlich f\u00fcr den andauernden Temperaturanstieg und f\u00fcr die Vernichtung von Lebensgrundlagen weit \u00fcber die Grenzen des Rheinlandes hinaus.<\/p>\n<p>Mit den Mahnwachen am Donnerstag wollen wir die durch RWE verursachten massiven Umweltprobleme in ihrer Breite und Vielfalt darstellen.<\/p>\n<p>Wir gehen kreativ und angemessen mit der virtuellen HV und den Corona-Beschr\u00e4nkungen um, ohne unseren Protest aufzugeben.<\/p>\n<p>RWE verk\u00fcndet mit aufwendigen Werbekampagnen, bis 2040 klimaneutral werden zu wollen und zum gr\u00f6\u00dften Produnzenten von gr\u00fcnem Strom aufzusteigen. Damit verschleiert der Konzern, dass nach wie vor Menschen gegen ihren Willen aus ihrer Heimat vertrieben werden, dass nach wie vor ganze D\u00f6rfer von der Landkarte verschwinden, dass dem Hambacher Wald das Wasser abgegraben wird und dass im Rheinland wertvollste landwirtschaftliche B\u00f6den vernichtet werden.<\/p>\n<p>Deutschland leidet unter dem dritten D\u00fcrresommer, Meteorologen schlagen Alarm, Grundwasserspiegel sinken dramatisch. Aber die RWE-Bagger baggern weiter, die Politik schaut zu, die Planungen von RWE werden weiter von der NRWE-Landesregierung abgenickt.<\/p>\n<p>Neben gigantischen Mengen an klimasch\u00e4dlichem CO2 werden an den Kraftwerksstandorten Niederau\u00dfem, Neurath, Weiweiler und Frimmersdorf auch tonnenweise Schadstoffe \u00fcber die K\u00fchlt\u00fcrme zusammen mit dem Wasserdampf in die Umwelt verteilt. Die vier gro\u00dfen RWE-Braunkohlenkraftwerke emittieren j\u00e4hrlich etwa 1.473 Tonnen gesundheitssch\u00e4dliche Feinstaub-Partikel. Dazu kommen etwa 1.500 Kilogramm des Nervengifts Quecksilber und ein Mix aus Cadmium, Arsen, Blei, Zink, Schwefeldioxid, Stickoxiden und anderen Schadstoffen \u2013 trotz vermeintlich bester Filtertechnik.<\/p>\n<p>Der Vorstand der RWE AG kommt nicht hinreichend seiner Verantwortung nach, wirksamere Ma\u00dfnahmen f\u00fcr den Klimaschutz umzusetzen und menschenrechtliche Sorgfaltspflichten einzuhalten. Die bisherigen Ma\u00dfnahmen reichen nicht aus, einen wirksamen Beitrag zum Erreichen der Ziele des Pariser Klimaschutzabkommens, der UN-Nachhaltigkeitsagenda 2030 und des UN Global Compact zu leisten, zu denen sich die RWE AG bekannt hat.<\/p>\n","protected":false},"excerpt":{"rendered":"<p>Am 26. Juni findet die diesj\u00e4hrige Aktion\u00e4rsversammlung von RWE statt &#8211; wegen der Corona-Pandemie nur als Online-Veranstaltung, was RWE angesichts ihrer Umweltverbrechen im rheinschen Braunkohlerevier und der Uranm\u00fcllexporte des Tochter-Unternehmens Urenco und somit zu erwartender Proteste und kritischer Gegenreden\/ Fragen gerade recht sein d\u00fcrfte. Doch wir lassen RWE nicht so<span class=\"more-link\"><a href=\"https:\/\/sofa-ms.de\/?page_id=1797\">lies mehr<\/a><\/span><\/p>\n","protected":false},"author":3,"featured_media":0,"parent":0,"menu_order":0,"comment_status":"closed","ping_status":"closed","template":"","meta":{"footnotes":""},"class_list":["entry","author-red-sofa","post-1797","page","type-page","status-publish"],"_links":{"self":[{"href":"https:\/\/sofa-ms.de\/index.php?rest_route=\/wp\/v2\/pages\/1797","targetHints":{"allow":["GET"]}}],"collection":[{"href":"https:\/\/sofa-ms.de\/index.php?rest_route=\/wp\/v2\/pages"}],"about":[{"href":"https:\/\/sofa-ms.de\/index.php?rest_route=\/wp\/v2\/types\/page"}],"author":[{"embeddable":true,"href":"https:\/\/sofa-ms.de\/index.php?rest_route=\/wp\/v2\/users\/3"}],"replies":[{"embeddable":true,"href":"https:\/\/sofa-ms.de\/index.php?rest_route=%2Fwp%2Fv2%2Fcomments&post=1797"}],"version-history":[{"count":8,"href":"https:\/\/sofa-ms.de\/index.php?rest_route=\/wp\/v2\/pages\/1797\/revisions"}],"predecessor-version":[{"id":1848,"href":"https:\/\/sofa-ms.de\/index.php?rest_route=\/wp\/v2\/pages\/1797\/revisions\/1848"}],"wp:attachment":[{"href":"https:\/\/sofa-ms.de\/index.php?rest_route=%2Fwp%2Fv2%2Fmedia&parent=1797"}],"curies":[{"name":"wp","href":"https:\/\/api.w.org\/{rel}","templated":true}]}}