{"id":3228,"date":"2025-01-25T23:56:24","date_gmt":"2025-01-25T22:56:24","guid":{"rendered":"https:\/\/sofa-ms.de\/?page_id=3228"},"modified":"2025-02-05T22:24:02","modified_gmt":"2025-02-05T21:24:02","slug":"anti-atom-klima-demo-15-2-in-ahaus","status":"publish","type":"page","link":"https:\/\/sofa-ms.de\/?page_id=3228","title":{"rendered":"Anti-Atom- &#038; Klimaschutz-Demo 15.2."},"content":{"rendered":"<p><img loading=\"lazy\" decoding=\"async\" class=\"wp-image-3066 alignright\" src=\"https:\/\/sofa-ms.de\/wp-content\/uploads\/2024\/09\/Demo-Zug-2-300x169.jpg\" alt=\"\" width=\"219\" height=\"124\" srcset=\"https:\/\/sofa-ms.de\/wp-content\/uploads\/2024\/09\/Demo-Zug-2-300x169.jpg 300w, https:\/\/sofa-ms.de\/wp-content\/uploads\/2024\/09\/Demo-Zug-2-1024x578.jpg 1024w, https:\/\/sofa-ms.de\/wp-content\/uploads\/2024\/09\/Demo-Zug-2-768x434.jpg 768w, https:\/\/sofa-ms.de\/wp-content\/uploads\/2024\/09\/Demo-Zug-2-1536x867.jpg 1536w, https:\/\/sofa-ms.de\/wp-content\/uploads\/2024\/09\/Demo-Zug-2-2048x1156.jpg 2048w, https:\/\/sofa-ms.de\/wp-content\/uploads\/2024\/09\/Demo-Zug-2-465x263.jpg 465w, https:\/\/sofa-ms.de\/wp-content\/uploads\/2024\/09\/Demo-Zug-2-695x392.jpg 695w\" sizes=\"auto, (max-width: 219px) 100vw, 219px\" \/>Hier findet ihr alle Infos zur Demo! Sharepics, Anreise, Ablauf usw. bitte runter scrollen.<\/p>\n<p>Gemeinsam mit der BI Ahaus, dem Aktionsb\u00fcndnis M\u00fcnsterland gegen Atomanlagen, dem Aktionsb\u00fcndnis Stop Westcastor, .ausgestrahlt und dem BUND NRW rufen wir am 15.2. in Ahaus zur Demo auf. Das Motto lautet:<\/p>\n<p align=\"center\"><span style=\"color: #000000; font-size: 16px;\"><b>Zukunftsf\u00e4hige Energie-Politik statt Populismus:<\/b><\/span><\/p>\n<p align=\"center\"><span style=\"font-size: large;\"><b><span style=\"font-size: 16px;\">Castoren stoppen, Urananreicherung beenden, Erneuerbare ausbauen, Klima sch\u00fctzen! <\/span><br \/>\n<\/b><\/span><\/p>\n<p>Hier findet ihr <a href=\"https:\/\/sofa-ms.de\/wp-content\/uploads\/2025\/02\/Aufruf-Demo-Ahaus-2025-02-15-Text.pdf\" target=\"_blank\" rel=\"noopener\">Aufruf-Text als PDF<\/a> und eine <a href=\"https:\/\/sofa-ms.de\/wp-content\/uploads\/2025\/02\/Aufruf-Demo-Ahaus-2025-02-15-Kurzfassung.pdf\" target=\"_blank\" rel=\"noopener\">Aufruf-Kurzfassung als PDF.<\/a> F\u00fcr <a href=\"https:\/\/sofa-ms.de\/wp-content\/uploads\/2025\/01\/Ahaus-Demo-2025-02-15-socialmedia.jpg\" target=\"_blank\" rel=\"noopener\">Social-Media<\/a>-Kan\u00e4le wie Mastodon, Bluesky und Co sowie <a href=\"https:\/\/sofa-ms.de\/wp-content\/uploads\/2025\/01\/Ahaus-Demo-2025-02-15-Webseite.jpg\" target=\"_blank\" rel=\"noopener\">Webseiten<\/a> und <a href=\"https:\/\/sofa-ms.de\/wp-content\/uploads\/2025\/01\/Ahaus-Demo-2025-02-15-messengerstory.jpg\" target=\"_blank\" rel=\"noopener\">Messenger-Storys<\/a> gibt es nun passende Grafik-Formate und f\u00fcr Flyer eine <a href=\"https:\/\/sofa-ms.de\/wp-content\/uploads\/2025\/01\/Ahaus-Demo-2025-02-15-Druckvorlage.pdf\" target=\"_blank\" rel=\"noopener\">Druckvorlage<\/a>!\u00a0 Gerne teilen.<\/p>\n<p><img loading=\"lazy\" decoding=\"async\" class=\"alignnone wp-image-3247\" src=\"https:\/\/sofa-ms.de\/wp-content\/uploads\/2025\/01\/Ahaus-Demo-2025-02-15-socialmedia-300x300.jpg\" alt=\"\" width=\"215\" height=\"215\" srcset=\"https:\/\/sofa-ms.de\/wp-content\/uploads\/2025\/01\/Ahaus-Demo-2025-02-15-socialmedia-300x300.jpg 300w, https:\/\/sofa-ms.de\/wp-content\/uploads\/2025\/01\/Ahaus-Demo-2025-02-15-socialmedia-1024x1024.jpg 1024w, https:\/\/sofa-ms.de\/wp-content\/uploads\/2025\/01\/Ahaus-Demo-2025-02-15-socialmedia-150x150.jpg 150w, https:\/\/sofa-ms.de\/wp-content\/uploads\/2025\/01\/Ahaus-Demo-2025-02-15-socialmedia-768x768.jpg 768w, https:\/\/sofa-ms.de\/wp-content\/uploads\/2025\/01\/Ahaus-Demo-2025-02-15-socialmedia-465x465.jpg 465w, https:\/\/sofa-ms.de\/wp-content\/uploads\/2025\/01\/Ahaus-Demo-2025-02-15-socialmedia-500x500.jpg 500w, https:\/\/sofa-ms.de\/wp-content\/uploads\/2025\/01\/Ahaus-Demo-2025-02-15-socialmedia.jpg 1080w\" sizes=\"auto, (max-width: 215px) 100vw, 215px\" \/> <img loading=\"lazy\" decoding=\"async\" class=\"alignnone wp-image-3246\" src=\"https:\/\/sofa-ms.de\/wp-content\/uploads\/2025\/01\/Ahaus-Demo-2025-02-15-messengerstory-169x300.jpg\" alt=\"\" width=\"119\" height=\"212\" srcset=\"https:\/\/sofa-ms.de\/wp-content\/uploads\/2025\/01\/Ahaus-Demo-2025-02-15-messengerstory-169x300.jpg 169w, https:\/\/sofa-ms.de\/wp-content\/uploads\/2025\/01\/Ahaus-Demo-2025-02-15-messengerstory-576x1024.jpg 576w, https:\/\/sofa-ms.de\/wp-content\/uploads\/2025\/01\/Ahaus-Demo-2025-02-15-messengerstory-768x1365.jpg 768w, https:\/\/sofa-ms.de\/wp-content\/uploads\/2025\/01\/Ahaus-Demo-2025-02-15-messengerstory-864x1536.jpg 864w, https:\/\/sofa-ms.de\/wp-content\/uploads\/2025\/01\/Ahaus-Demo-2025-02-15-messengerstory-309x550.jpg 309w, https:\/\/sofa-ms.de\/wp-content\/uploads\/2025\/01\/Ahaus-Demo-2025-02-15-messengerstory-281x500.jpg 281w, https:\/\/sofa-ms.de\/wp-content\/uploads\/2025\/01\/Ahaus-Demo-2025-02-15-messengerstory.jpg 1080w\" sizes=\"auto, (max-width: 119px) 100vw, 119px\" \/> <img loading=\"lazy\" decoding=\"async\" class=\"alignnone wp-image-3245\" src=\"https:\/\/sofa-ms.de\/wp-content\/uploads\/2025\/01\/Ahaus-Demo-2025-02-15-Webseite-300x200.jpg\" alt=\"\" width=\"310\" height=\"206\" srcset=\"https:\/\/sofa-ms.de\/wp-content\/uploads\/2025\/01\/Ahaus-Demo-2025-02-15-Webseite-300x200.jpg 300w, https:\/\/sofa-ms.de\/wp-content\/uploads\/2025\/01\/Ahaus-Demo-2025-02-15-Webseite-1024x683.jpg 1024w, https:\/\/sofa-ms.de\/wp-content\/uploads\/2025\/01\/Ahaus-Demo-2025-02-15-Webseite-768x512.jpg 768w, https:\/\/sofa-ms.de\/wp-content\/uploads\/2025\/01\/Ahaus-Demo-2025-02-15-Webseite-1536x1024.jpg 1536w, https:\/\/sofa-ms.de\/wp-content\/uploads\/2025\/01\/Ahaus-Demo-2025-02-15-Webseite-465x310.jpg 465w, https:\/\/sofa-ms.de\/wp-content\/uploads\/2025\/01\/Ahaus-Demo-2025-02-15-Webseite-695x463.jpg 695w, https:\/\/sofa-ms.de\/wp-content\/uploads\/2025\/01\/Ahaus-Demo-2025-02-15-Webseite.jpg 1800w\" sizes=\"auto, (max-width: 310px) 100vw, 310px\" \/><\/p>\n<p>Ihr k\u00f6nnt bequem und klimafreundlich mit der RB 51 von Enschede \u00fcber Gronau bzw. von Dortmund \u00fcber Coesfeld oder mit der Schnellbuslinie S70 aus M\u00fcnster anreisen. Falls ihr \u00d6PNV-ung\u00fcnstig lebt, gibt es rund um den Bahnhofsbereich verschiedene Parkpl\u00e4tze (rechtzeitig wegen Stra\u00dfensperrungen da sein).<\/p>\n<p>Die Demo beginnt um <strong>11:30 Uhr<\/strong> mit einer <strong>Auftakt-Kundgebung am Ahauser Bahnhof<\/strong> (vor der fr\u00fcheren Kneipe\/ Veranstaltungs-Location &#8222;Logo&#8220;, Parallelstr. 1\/ Kreuzung Bahnhofstra\u00dfe, 48683 Ahaus). Die Ahauser Landwirte unterst\u00fctzen die Demo und sammeln sich mit den <strong>Treckern<\/strong> auf dem gr\u00f6\u00dftenteils gesperrten Bus-Bahnhof. Nach der Auftaktkundgebung f\u00fchren die Traktoren den <strong>Demo-Zug<\/strong> \u00fcber die Bahnhofstra\u00dfe an. Am Beginn der K\u00f6nigstra\u00dfe fahren die Trecker &#8222;hinten rum&#8220; zur Wallstra\u00dfe und parken am Ende der Wallstra\u00dfe in Rathaus-N\u00e4he. Die Demo-Teilnehmer_innen zu Fu\u00df laufen durch die Fu\u00dfg\u00e4ngerzone zum <strong>Rathaus-Platz, wo die Abschlusskundgebung<\/strong> stattfindet. Bei beiden Kundgebungen gibt es Live-Musik, beim Demo-Zug wird getrommelt &#8211; mitmachen erw\u00fcnscht.<\/p>\n<p><img loading=\"lazy\" decoding=\"async\" class=\" wp-image-3238 alignleft\" src=\"https:\/\/sofa-ms.de\/wp-content\/uploads\/2025\/01\/Klimaschutz-Ortsschild-300x192.jpg\" alt=\"\" width=\"238\" height=\"152\" srcset=\"https:\/\/sofa-ms.de\/wp-content\/uploads\/2025\/01\/Klimaschutz-Ortsschild-300x192.jpg 300w, https:\/\/sofa-ms.de\/wp-content\/uploads\/2025\/01\/Klimaschutz-Ortsschild-465x298.jpg 465w, https:\/\/sofa-ms.de\/wp-content\/uploads\/2025\/01\/Klimaschutz-Ortsschild-695x446.jpg 695w, https:\/\/sofa-ms.de\/wp-content\/uploads\/2025\/01\/Klimaschutz-Ortsschild.jpg 700w\" sizes=\"auto, (max-width: 238px) 100vw, 238px\" \/>Kommt mit vielen Freund_innen und Verwandten am 15.2. nach Ahaus, bringt Fahnen, Transpis, Trommeln usw. mit! Parteien, die unsere Ziele teilen, sind ebenfalls herzlich eingeladen. <strong>Da es sich\u00a0 nicht um eine Wahlkampf-Veranstaltung handelt, sind Partei-Fahnen und Partei-Werbung unerw\u00fcnscht! <\/strong><\/p>\n<p><strong>Im Bereich der Innenstadt werden vermutlich auch Wahlkampfst\u00e4nde der Parteien aufgebaut sein, wir bitten alle um einen respektvollen Umgang miteinander und haben keinen Bock auf Beleidigungen und P\u00f6beleien.<\/strong><strong><br \/>\n<\/strong><\/p>\n<p>Zeigen wir den Rechten im Land, dass wir gemeinsam f\u00fcr unsere Zukunft k\u00e4mpfen! Klimaschutz, Energiewende und ein verantwortungsvoller Umgang mit Atomm\u00fcll sind Teil einer solidarischen Gesellschaft &#8211; wir wollen, dass Krisen gel\u00f6st werden, statt das Hass, Hetze und M\u00e4rchen verbreitet werden.<\/p>\n","protected":false},"excerpt":{"rendered":"<p>Hier findet ihr alle Infos zur Demo! Sharepics, Anreise, Ablauf usw. bitte runter scrollen. Gemeinsam mit der BI Ahaus, dem Aktionsb\u00fcndnis M\u00fcnsterland gegen Atomanlagen, dem Aktionsb\u00fcndnis Stop Westcastor, .ausgestrahlt und dem BUND NRW rufen wir am 15.2. in Ahaus zur Demo auf. Das Motto lautet: Zukunftsf\u00e4hige Energie-Politik statt Populismus: Castoren<span class=\"more-link\"><a href=\"https:\/\/sofa-ms.de\/?page_id=3228\">lies mehr<\/a><\/span><\/p>\n","protected":false},"author":1,"featured_media":0,"parent":0,"menu_order":0,"comment_status":"closed","ping_status":"closed","template":"","meta":{"footnotes":""},"class_list":["entry","author-sofadmin","post-3228","page","type-page","status-publish"],"_links":{"self":[{"href":"https:\/\/sofa-ms.de\/index.php?rest_route=\/wp\/v2\/pages\/3228","targetHints":{"allow":["GET"]}}],"collection":[{"href":"https:\/\/sofa-ms.de\/index.php?rest_route=\/wp\/v2\/pages"}],"about":[{"href":"https:\/\/sofa-ms.de\/index.php?rest_route=\/wp\/v2\/types\/page"}],"author":[{"embeddable":true,"href":"https:\/\/sofa-ms.de\/index.php?rest_route=\/wp\/v2\/users\/1"}],"replies":[{"embeddable":true,"href":"https:\/\/sofa-ms.de\/index.php?rest_route=%2Fwp%2Fv2%2Fcomments&post=3228"}],"version-history":[{"count":12,"href":"https:\/\/sofa-ms.de\/index.php?rest_route=\/wp\/v2\/pages\/3228\/revisions"}],"predecessor-version":[{"id":3267,"href":"https:\/\/sofa-ms.de\/index.php?rest_route=\/wp\/v2\/pages\/3228\/revisions\/3267"}],"wp:attachment":[{"href":"https:\/\/sofa-ms.de\/index.php?rest_route=%2Fwp%2Fv2%2Fmedia&parent=3228"}],"curies":[{"name":"wp","href":"https:\/\/api.w.org\/{rel}","templated":true}]}}