{"id":3268,"date":"2025-02-05T22:49:21","date_gmt":"2025-02-05T21:49:21","guid":{"rendered":"https:\/\/sofa-ms.de\/?page_id=3268"},"modified":"2025-02-05T23:08:29","modified_gmt":"2025-02-05T22:08:29","slug":"social-media","status":"publish","type":"page","link":"https:\/\/sofa-ms.de\/?page_id=3268","title":{"rendered":"Social-Media"},"content":{"rendered":"<p>Ihr findet uns inzwischen auch mit aktuellen Infos und einigen Blicken \u00fcber den Tellerrand auch bei<\/p>\n<p><a href=\"https:\/\/nrw.social\/@Sofa_MS\" target=\"_blank\" rel=\"noopener\"><img loading=\"lazy\" decoding=\"async\" class=\"alignnone wp-image-3269\" src=\"https:\/\/sofa-ms.de\/wp-content\/uploads\/2025\/02\/Mastodon_logotype-300x300.png\" alt=\"\" width=\"47\" height=\"47\" srcset=\"https:\/\/sofa-ms.de\/wp-content\/uploads\/2025\/02\/Mastodon_logotype-300x300.png 300w, https:\/\/sofa-ms.de\/wp-content\/uploads\/2025\/02\/Mastodon_logotype-1024x1024.png 1024w, https:\/\/sofa-ms.de\/wp-content\/uploads\/2025\/02\/Mastodon_logotype-150x150.png 150w, https:\/\/sofa-ms.de\/wp-content\/uploads\/2025\/02\/Mastodon_logotype-768x768.png 768w, https:\/\/sofa-ms.de\/wp-content\/uploads\/2025\/02\/Mastodon_logotype-1536x1536.png 1536w, https:\/\/sofa-ms.de\/wp-content\/uploads\/2025\/02\/Mastodon_logotype-465x465.png 465w, https:\/\/sofa-ms.de\/wp-content\/uploads\/2025\/02\/Mastodon_logotype-500x500.png 500w, https:\/\/sofa-ms.de\/wp-content\/uploads\/2025\/02\/Mastodon_logotype.png 1920w\" sizes=\"auto, (max-width: 47px) 100vw, 47px\" \/>Mastodon\/ nrw.social<\/a> und <a href=\"https:\/\/bsky.app\/profile\/sofa-ms.bsky.social\" target=\"_blank\" rel=\"noopener\"><img loading=\"lazy\" decoding=\"async\" class=\"alignnone wp-image-3270\" src=\"https:\/\/sofa-ms.de\/wp-content\/uploads\/2025\/02\/bluesky-logo-300x225.webp\" alt=\"\" width=\"68\" height=\"51\" srcset=\"https:\/\/sofa-ms.de\/wp-content\/uploads\/2025\/02\/bluesky-logo-300x225.webp 300w, https:\/\/sofa-ms.de\/wp-content\/uploads\/2025\/02\/bluesky-logo-1024x769.webp 1024w, https:\/\/sofa-ms.de\/wp-content\/uploads\/2025\/02\/bluesky-logo-768x576.webp 768w, https:\/\/sofa-ms.de\/wp-content\/uploads\/2025\/02\/bluesky-logo-1536x1153.webp 1536w, https:\/\/sofa-ms.de\/wp-content\/uploads\/2025\/02\/bluesky-logo-465x349.webp 465w, https:\/\/sofa-ms.de\/wp-content\/uploads\/2025\/02\/bluesky-logo-666x500.webp 666w, https:\/\/sofa-ms.de\/wp-content\/uploads\/2025\/02\/bluesky-logo.webp 1600w\" sizes=\"auto, (max-width: 68px) 100vw, 68px\" \/>Bluesky<\/a>.<\/p>\n<p>Wir wollen uns hier nicht gro\u00df \u00fcber einen rechtsgerichteten, selbstverliebten Milliard\u00e4r auslassen oder daf\u00fcr beten, dass ein anderer Tech-Milliard\u00e4r hoffentlich die europ\u00e4ischen Standards f\u00fcr seine Social-Media Kan\u00e4le noch ein wenig aufrecht h\u00e4lt&#8230;<\/p>\n<p>Stattdessen wollen wir lieber die Vorz\u00fcge des Fediverse, bei uns in Form von Mastodon auf dem Server nrw.social, aufz\u00e4hlen und kurz erkl\u00e4ren, warum Bluesky f\u00fcr uns zur Zeit (noch?) ein tragbarer Mittelweg ist.<\/p>\n<p>Bluesky ist eine gemeinn\u00fctzige, kommerzielle Firma (LLC, benefit corporation), welches aus dem ehemaligen Twitter hervorgegangen ist, bevor das von Musk \u00fcbernommen wurde. Im Gegensatz zu Twitter gibt es aber bislang keine Werbung, es ist vom Prinzip her dezentral angelegt und eine Vernetzung mit z. B. Mastodon ist m\u00f6glich. Kritisiert wird, dass die Firmen- und Entscheidungsstrukturen dennoch \u00e4hnlich wie bei gro\u00dfen Tech-Konzernen sind. Wir werden sehen, wie es sich entwickelt&#8230; (mehr bei <a href=\"https:\/\/de.wikipedia.org\/wiki\/Bluesky\" target=\"_blank\" rel=\"noopener\">wikipedia<\/a>)<\/p>\n<p>Im Gegensatz zu Bluesky ist Mastodon ein Teil des Fediverse, basiert also auf Open-Source-Software und alle die m\u00f6gen, k\u00f6nnen einen eigenen Server einrichten &#8211; und auch eigene Moderations-Kriterien festlegen. Egal auf welchem Server man ein Konto er\u00f6ffnet, kann man mit allen anderen Mastodon-Accounts und auch anderen Fediverse-Social-Media-Angeboten kommunizieren, ebenso mit Bluesky-Accounts. Die Vorteile liegen auf der Hand: Es ist dezentral organisiert, kein Milliard\u00e4r kann es mal eben kaufen und steuern. Es ist werbefrei, die Time-Line ist chronologisch und nicht von Algorithmen gesteuert. Daneben ist eine Sortierung nach Beliebtheit bei anderen Nutzer_innen m\u00f6glich.<\/p>\n<p><strong>Wir m\u00f6chten euch einladen, uns ins Fediverse zu folgen<\/strong> &#8211; je mehr mitmachen, desto interessanter und informativer wird es! Ja, es sind weniger Menschen dabei, als auf X, Insta oder Facebook, aber die Algorithmen, dieser Plattformen arbeiten gegen einen, wenn man meint, man k\u00f6nne durch Postings dort Hass und Hetze entgegentreten. Also nehmt eure Follower gleich mit! Zum Nachlesen empfehlen wir <a href=\"https:\/\/www.kuketz-blog.de\/\" target=\"_blank\" rel=\"noopener\">Kuketz Blog<\/a>!<\/p>\n<p><a href=\"https:\/\/www.kuketz-blog.de\/tschuess-twitter-hallo-fediverse-hallo-mastodon\/\" target=\"_blank\" rel=\"noopener\">Kuketz Blog: Tsch\u00fcss Twitter! Hallo Fedivers! Hallo Mastodon!<\/a><\/p>\n<p><a href=\"https:\/\/www.kuketz-blog.de\/einladung-ins-fediverse-mastodon-als-alternative-zu-x-instagram-und-co\/\" target=\"_blank\" rel=\"noopener\">Kuketz Blog: Einladung ins Fediverse<\/a><\/p>\n<p><a href=\"https:\/\/www.kuketz-blog.de\/warum-das-argument-man-muesse-in-sozialen-netzwerken-bleiben-um-opposition-zu-leisten-voelliger-unsinn-ist\/\" target=\"_blank\" rel=\"noopener\">Kuketz Blog: Warum das Argument, man m\u00fcsse in sozialen Netzwerken bleiben, um Opposition zu leisten, v\u00f6lliger Unsinn ist<\/a><\/p>\n","protected":false},"excerpt":{"rendered":"<p>Ihr findet uns inzwischen auch mit aktuellen Infos und einigen Blicken \u00fcber den Tellerrand auch bei Mastodon\/ nrw.social und Bluesky. Wir wollen uns hier nicht gro\u00df \u00fcber einen rechtsgerichteten, selbstverliebten Milliard\u00e4r auslassen oder daf\u00fcr beten, dass ein anderer Tech-Milliard\u00e4r hoffentlich die europ\u00e4ischen Standards f\u00fcr seine Social-Media Kan\u00e4le noch ein wenig<span class=\"more-link\"><a href=\"https:\/\/sofa-ms.de\/?page_id=3268\">lies mehr<\/a><\/span><\/p>\n","protected":false},"author":1,"featured_media":0,"parent":0,"menu_order":0,"comment_status":"closed","ping_status":"closed","template":"","meta":{"footnotes":""},"class_list":["entry","author-sofadmin","post-3268","page","type-page","status-publish"],"_links":{"self":[{"href":"https:\/\/sofa-ms.de\/index.php?rest_route=\/wp\/v2\/pages\/3268","targetHints":{"allow":["GET"]}}],"collection":[{"href":"https:\/\/sofa-ms.de\/index.php?rest_route=\/wp\/v2\/pages"}],"about":[{"href":"https:\/\/sofa-ms.de\/index.php?rest_route=\/wp\/v2\/types\/page"}],"author":[{"embeddable":true,"href":"https:\/\/sofa-ms.de\/index.php?rest_route=\/wp\/v2\/users\/1"}],"replies":[{"embeddable":true,"href":"https:\/\/sofa-ms.de\/index.php?rest_route=%2Fwp%2Fv2%2Fcomments&post=3268"}],"version-history":[{"count":4,"href":"https:\/\/sofa-ms.de\/index.php?rest_route=\/wp\/v2\/pages\/3268\/revisions"}],"predecessor-version":[{"id":3274,"href":"https:\/\/sofa-ms.de\/index.php?rest_route=\/wp\/v2\/pages\/3268\/revisions\/3274"}],"wp:attachment":[{"href":"https:\/\/sofa-ms.de\/index.php?rest_route=%2Fwp%2Fv2%2Fmedia&parent=3268"}],"curies":[{"name":"wp","href":"https:\/\/api.w.org\/{rel}","templated":true}]}}