{"id":429,"date":"2017-02-01T00:04:04","date_gmt":"2017-02-01T00:04:04","guid":{"rendered":"https:\/\/sofa-ms.de\/?page_id=429"},"modified":"2021-07-09T22:05:54","modified_gmt":"2021-07-09T22:05:54","slug":"aktionen-demos-veranstaltungen","status":"publish","type":"page","link":"https:\/\/sofa-ms.de\/?page_id=429","title":{"rendered":"Aktionen, Demos, Veranstaltungen"},"content":{"rendered":"<div class=\"textwidget\"><strong>08. August: Stern-Fahrrad-Demo zur Gronauer Urananreicherungsanlage und Kundgebung &#8211; Hiroshima &amp; Nagasaki mahnen!<br \/>\n<\/strong><\/div>\n<div>Um 13 Uhr startet am Bahnhof Gronau die Fahrrad-Demo zur Urananreicherungsanlage (R\u00f6ntgenstra\u00dfe 4). Dort findet um 14 Uhr f\u00fcr alle die Kundgebung statt. Weitere Sternfahrten aus Enschede, Ochtrup und anderen Nachbarorten sind in Planung. Denkt bitte an die Mund-Nasen-Bedeckung und haltet ca. 2m Abstand zu anderen. <a href=\"http:\/\/www.ostermarsch-gronau.de\" target=\"_blank\" rel=\"noopener\">Alle Infos zur Demo<\/a>.<\/div>\n<div><\/div>\n<div class=\"textwidget\">Wir haben in j\u00fcngster Vergangenheit und seit Pandemie-Beginn erfolgreich Mahnwachen, Kundgebungen und Fahrraddemos unter Ber\u00fccksichtigung von Abstand und mit Mund-Nasen-Schutz durchgef\u00fchrt und auch vor Gerichten durchgek\u00e4mpft &#8211; und das werden wir auch weiterhin so tun.<\/div>\n<div><\/div>\n<div class=\"textwidget\">Von (rechten) Verschw\u00f6rungstheoretikern, Impfschutzgegnern usw. distanzieren wir uns dabei ausdr\u00fccklich!<\/div>\n","protected":false},"excerpt":{"rendered":"<p>08. August: Stern-Fahrrad-Demo zur Gronauer Urananreicherungsanlage und Kundgebung &#8211; Hiroshima &amp; Nagasaki mahnen! Um 13 Uhr startet am Bahnhof Gronau die Fahrrad-Demo zur Urananreicherungsanlage (R\u00f6ntgenstra\u00dfe 4). Dort findet um 14 Uhr f\u00fcr alle die Kundgebung statt. Weitere Sternfahrten aus Enschede, Ochtrup und anderen Nachbarorten sind in Planung. Denkt bitte an<span class=\"more-link\"><a href=\"https:\/\/sofa-ms.de\/?page_id=429\">lies mehr<\/a><\/span><\/p>\n","protected":false},"author":1,"featured_media":0,"parent":95,"menu_order":0,"comment_status":"closed","ping_status":"closed","template":"","meta":{"footnotes":""},"class_list":["entry","author-sofadmin","post-429","page","type-page","status-publish"],"_links":{"self":[{"href":"https:\/\/sofa-ms.de\/index.php?rest_route=\/wp\/v2\/pages\/429","targetHints":{"allow":["GET"]}}],"collection":[{"href":"https:\/\/sofa-ms.de\/index.php?rest_route=\/wp\/v2\/pages"}],"about":[{"href":"https:\/\/sofa-ms.de\/index.php?rest_route=\/wp\/v2\/types\/page"}],"author":[{"embeddable":true,"href":"https:\/\/sofa-ms.de\/index.php?rest_route=\/wp\/v2\/users\/1"}],"replies":[{"embeddable":true,"href":"https:\/\/sofa-ms.de\/index.php?rest_route=%2Fwp%2Fv2%2Fcomments&post=429"}],"version-history":[{"count":116,"href":"https:\/\/sofa-ms.de\/index.php?rest_route=\/wp\/v2\/pages\/429\/revisions"}],"predecessor-version":[{"id":2159,"href":"https:\/\/sofa-ms.de\/index.php?rest_route=\/wp\/v2\/pages\/429\/revisions\/2159"}],"up":[{"embeddable":true,"href":"https:\/\/sofa-ms.de\/index.php?rest_route=\/wp\/v2\/pages\/95"}],"wp:attachment":[{"href":"https:\/\/sofa-ms.de\/index.php?rest_route=%2Fwp%2Fv2%2Fmedia&parent=429"}],"curies":[{"name":"wp","href":"https:\/\/api.w.org\/{rel}","templated":true}]}}