{"id":471,"date":"2017-02-16T20:07:52","date_gmt":"2017-02-16T20:07:52","guid":{"rendered":"https:\/\/sofa-ms.de\/?page_id=471"},"modified":"2017-09-04T22:47:26","modified_gmt":"2017-09-04T22:47:26","slug":"atommuelllager-ahaus","status":"publish","type":"page","link":"https:\/\/sofa-ms.de\/?page_id=471","title":{"rendered":"Atomm\u00fclllager Ahaus"},"content":{"rendered":"<p><a href=\"https:\/\/sofa-ms.de\/?cat=6\">unsere neuesten Artikel zu Ahaus<\/a><br \/>\n<a href=\"#Geschichte\">Geschichte des BZA<\/a><br \/>\n<a href=\"#aktuell\">Aktuell und in Zukunft<\/a><br \/>\n<a href=\"http:\/\/www.bi-ahaus.de\">Homepge der BI-Ahaus<\/a><\/p>\n<p><b id=\"Geschichte\"><img loading=\"lazy\" decoding=\"async\" class=\"alignnone wp-image-322\" src=\"https:\/\/sofa-ms.de\/wp-content\/uploads\/2017\/01\/BZA-matt-300x133.jpg\" alt=\"\" width=\"415\" height=\"184\" srcset=\"https:\/\/sofa-ms.de\/wp-content\/uploads\/2017\/01\/BZA-matt-300x133.jpg 300w, https:\/\/sofa-ms.de\/wp-content\/uploads\/2017\/01\/BZA-matt.jpg 511w\" sizes=\"auto, (max-width: 415px) 100vw, 415px\" \/><\/b><\/p>\n<p><b id=\"Geschichte\">Geschichte:<\/b><\/p>\n<p>Das sogenannte Brennelemente-Zwischenlager Ahaus (BZA), auch Transportbeh\u00e4lter-Lager Ahaus (TBL-A) wurde Ende der 1970er parallel zu Gorleben (TBL-G) als Standort f\u00fcr ein sogenanntes &#8222;zentrales&#8220; Zwischenlager f\u00fcr hochradioaktive abgebrannte Brennelemente benannt. Die Halle ist eine Leichtbauhalle, die z. B. nicht gegen Flugzeugabst\u00fcrze gesichert ist und nach heutigem Stand von Wissenschaft und Technik nicht mehr genehmigungsf\u00e4hig w\u00e4re.<\/p>\n<p>1992 ging das Atomm\u00fcll-Lager mit einem ersten Castor-Transport von abgebrannten Brennelementkugeln aus dem stillgelegten Thorium-Hochtemperatur-Reaktor (THTR) in Hamm in Betrieb.<\/p>\n<p>1994\/95 folgten mehr als 50 Einzeltransporte f\u00fcr insgesamt 305 Castor-Beh\u00e4lter von Hamm nach Ahaus. Dagegen gab es immer wieder kleinere Demos, Mahnwache, Camps und Blockaden. So entstand Ende 1994 der Ahauser Sonntagsspaziergang an jedem dritten Sonntag um 14 Uhr. In den Folgejahren nahm der Widerstand in Ahaus deutlich zu. Die Demos wurden gr\u00f6\u00dfer, auch Landwirte kamen mit Traktoren.<\/p>\n<p>1998 wurden unter massiven Protesten von \u00fcber 10 000 Menschen von rund 20 000 Polizisten sechs Castor-Beh\u00e4lter mit abgebrannten Brennelementen aus den AKW Gundremmingen und Neckarwestheim nach Ahaus gebracht. Es gab gro\u00dfe Blockaden und hunderte Ingewahrsamnahmen. Abschlie\u00dfend demonstrierten 12 000 Menschen in M\u00fcnster gegen weitere Castor-Transporte. In der Folgejahren wurde der Bau einer zweiten Lagerhalle in Ahaus aufgegeben.<\/p>\n<p>2005 wurden dann erneut gegen den entschiedenen Protest vieler Menschen insgesamt 18 Castor-Beh\u00e4lter aus dem ehemaligen DDR-Forschungsreaktor Dresden-Rossendorf \u00fcber die Autobahnen nach Ahaus gebracht. In Dresden, an den Autobahnen und in Ahaus gab es zahlreiche Mahnwachen, Demos und Blockaden, mit bis zu 3000 Menschen.<\/p>\n<p>2010 scheiterten aufgrund von Protesten russischer und deutscher Anti-Atom-Initiativen die Pl\u00e4ne, die Dresdener Castoren von Ahaus in die russische Atomanlage Majak zu bringen, einem der am meisten verstrahlten Standorte der Welt. Das war ein wichtiger Schritt, um ein generelles Verbot von Atomm\u00fcllexporten aus Deutschland durchzusetzen.<\/p>\n<p>2010 gab es zudem mit 7000 Menschen die bislang gr\u00f6\u00dfte Anti-Atom-Demo in Ahaus.<\/p>\n<p><b id=\"aktuell\">Aktuell und in Zukunft<\/b><\/p>\n<p>2009 wurden die Pl\u00e4ne bekannt, die insgesamt 152 &#8222;Westcastoren&#8220; mit knapp 300 000 hochradioaktiven Brennelementkugeln aus dem Forschungszentrum J\u00fclich nach Ahaus zu bringen. Zahlreiche Proteste, u. a. Autobahn-Aktionstage, verhinderten diese Transporte bis heute. Zugleich wurde bislang auch ein m\u00f6glicher Export der 152 Castoren aus J\u00fclich in die USA. Im Sommer 2016 wurde die Einlagerungsgenehmigung f\u00fcr die Westcastoren in Ahaus erteilt &#8211; jedoch soll die Transportgenehmigung wegen einer neuen Sicherheitsrichtlinie bez\u00fcglich der Terrorgefahr vorerst nicht erteilt werden.<\/p>\n<p>2010 begannen jedoch die Einlagerungen von schwach- und mittelradioaktivem Atomm\u00fcll in Ahaus. Offiziell sollte dieser Atomm\u00fcll &#8222;nur&#8220; zehn Jahre in Ahaus bleiben. Da es jedoch keine sichere Entsorgung gibt \u2013 die Initiativen im M\u00fcnsterland lehnen den vorgeschlagenen Endlager-Standort Schacht Konrad als ungeeignet strikt ab \u2013 soll dieser Atomm\u00fcll nun wesentlich l\u00e4nger in Ahaus bleiben. Inzwischen hat der Betreiber die fristlose Lagerung des schwach- und mittelradioaktiven Atomm\u00fclls beantragt.<\/p>\n<p>Derzeit sollen zudem zwischen 2018 und 2036 insgesamt 17 Castoren aus dem bayrischen Forschungsreaktor FRM II in Garching bei M\u00fcnchen nach Ahaus kommen. Dieser hochradioaktive Atomm\u00fcll besteht aus hochangereichertem \u2013 waffenf\u00e4higem \u2013 Uran und ist deshalb auch milit\u00e4risch \u00e4u\u00dferst brisant.<\/p>\n<p>Betrieben wird das Atomm\u00fclllager in Ahaus derzeit von der Tochter der Atomkonzerne, der GNS. An den Verantwortlichkeiten soll sich in den n\u00e4chsten Jahren jedoch einiges \u00e4ndern.<\/p>\n<p>Ob das &#8222;Zwischen&#8220;-Lager in Ahaus wie urspr\u00fcnglich angek\u00fcndigt, im Jahre 2036 schlie\u00dfen wird, ist derzeit ebenfalls sehr unsicher, da auch f\u00fcr hochradioaktiven Atomm\u00fcll keinerlei sichere Entsorgungsm\u00f6glichkeit gegeben ist. Die Initiativen im M\u00fcnsterland lehnen auch den hierf\u00fcr vorgeschlagenen Endlager-Standort Gorleben als ungeeignet strikt ab, ebenso den Bau einer &#8222;Hei\u00dfen Zelle&#8220; in Ahaus, um dort Castoren Umzuladen oder zu Reparieren, da dies den Atomm\u00fcllstandort auf lange Zeit zementiert und bei laufender Atomm\u00fcllproduktion zu weiteren Castortransporten f\u00fchren wird. Alternative Vorschl\u00e4ge zu Gorleben sollen nun in den n\u00e4chsten Jahren erarbeitet werden \u2013 allerdings l\u00e4sst der Beschluss des Standortauswahlgesetzes und einer Endlagerkommission, die mehr Farce als B\u00fcrgerbeteiligung ist wenig Hoffnung auf eine sinnvolle und erfolgreiche Endlagersuche. So ist bereits vorab festgelegt, dass der Atomm\u00fcll ohne R\u00fcckholm\u00f6glichkeiten in ein Bergwerk soll&#8230;.<\/p>\n<p>Stand: Mai 2017<\/p>\n","protected":false},"excerpt":{"rendered":"<p>unsere neuesten Artikel zu Ahaus Geschichte des BZA Aktuell und in Zukunft Homepge der BI-Ahaus Geschichte: Das sogenannte Brennelemente-Zwischenlager Ahaus (BZA), auch Transportbeh\u00e4lter-Lager Ahaus (TBL-A) wurde Ende der 1970er parallel zu Gorleben (TBL-G) als Standort f\u00fcr ein sogenanntes &#8222;zentrales&#8220; Zwischenlager f\u00fcr hochradioaktive abgebrannte Brennelemente benannt. Die Halle ist eine Leichtbauhalle,<span class=\"more-link\"><a href=\"https:\/\/sofa-ms.de\/?page_id=471\">lies mehr<\/a><\/span><\/p>\n","protected":false},"author":3,"featured_media":0,"parent":172,"menu_order":0,"comment_status":"closed","ping_status":"closed","template":"","meta":{"footnotes":""},"class_list":["entry","author-red-sofa","post-471","page","type-page","status-publish"],"_links":{"self":[{"href":"https:\/\/sofa-ms.de\/index.php?rest_route=\/wp\/v2\/pages\/471","targetHints":{"allow":["GET"]}}],"collection":[{"href":"https:\/\/sofa-ms.de\/index.php?rest_route=\/wp\/v2\/pages"}],"about":[{"href":"https:\/\/sofa-ms.de\/index.php?rest_route=\/wp\/v2\/types\/page"}],"author":[{"embeddable":true,"href":"https:\/\/sofa-ms.de\/index.php?rest_route=\/wp\/v2\/users\/3"}],"replies":[{"embeddable":true,"href":"https:\/\/sofa-ms.de\/index.php?rest_route=%2Fwp%2Fv2%2Fcomments&post=471"}],"version-history":[{"count":11,"href":"https:\/\/sofa-ms.de\/index.php?rest_route=\/wp\/v2\/pages\/471\/revisions"}],"predecessor-version":[{"id":943,"href":"https:\/\/sofa-ms.de\/index.php?rest_route=\/wp\/v2\/pages\/471\/revisions\/943"}],"up":[{"embeddable":true,"href":"https:\/\/sofa-ms.de\/index.php?rest_route=\/wp\/v2\/pages\/172"}],"wp:attachment":[{"href":"https:\/\/sofa-ms.de\/index.php?rest_route=%2Fwp%2Fv2%2Fmedia&parent=471"}],"curies":[{"name":"wp","href":"https:\/\/api.w.org\/{rel}","templated":true}]}}