{"id":556,"date":"2017-02-16T20:55:59","date_gmt":"2017-02-16T20:55:59","guid":{"rendered":"https:\/\/sofa-ms.de\/?page_id=556"},"modified":"2017-03-15T21:13:39","modified_gmt":"2017-03-15T21:13:39","slug":"spendenkonto","status":"publish","type":"page","link":"https:\/\/sofa-ms.de\/?page_id=556","title":{"rendered":"Spendenkonto"},"content":{"rendered":"<p>Gemeinsam mit den anderen Anti-Atomkraft-Initiativen im M\u00fcnsterland haben wir uns zusammengeschlossen und f\u00fchren ein gemeinsames Spendenkonto &#8211; denn Demos, Flyer, Webseiten und manchmal auch Anw\u00e4lt_Innen kosten Geld. Wir freuen uns nat\u00fcrlich \u00fcber Spenden, mehr aber noch \u00fcber eure Teilnahme an Anti-Atomkraft-Aktivit\u00e4ten&#8230;<\/p>\n<p><span style=\"font-family: Calibri,serif;\">Konto-Inhaber: Aktionsb\u00fcndnis M\u00fcnsterland gegen Atomanlagen <\/span><span style=\"font-family: Calibri,serif;\"><br \/>\n<\/span><span style=\"font-family: Calibri,serif;\">IBAN DE 49 8309 4495 0003 3619 18 <\/span><span style=\"font-family: Calibri,serif;\"><br \/>\n<\/span><span style=\"font-family: Calibri,serif;\">GENODEF1ETK<\/span><\/p>\n<p>Gef\u00fchrt wird das Konto <span style=\"font-family: Calibri,serif;\">bei der Ethik Bank in Eisenberg, eine ethisch-\u00f6kologische Direktbank, die z. B. keine Kredite an Atomwirtschaft und R\u00fcstungsindustrie vergibt.<\/span><\/p>\n","protected":false},"excerpt":{"rendered":"<p>Gemeinsam mit den anderen Anti-Atomkraft-Initiativen im M\u00fcnsterland haben wir uns zusammengeschlossen und f\u00fchren ein gemeinsames Spendenkonto &#8211; denn Demos, Flyer, Webseiten und manchmal auch Anw\u00e4lt_Innen kosten Geld. Wir freuen uns nat\u00fcrlich \u00fcber Spenden, mehr aber noch \u00fcber eure Teilnahme an Anti-Atomkraft-Aktivit\u00e4ten&#8230; Konto-Inhaber: Aktionsb\u00fcndnis M\u00fcnsterland gegen Atomanlagen IBAN DE 49 8309<span class=\"more-link\"><a href=\"https:\/\/sofa-ms.de\/?page_id=556\">lies mehr<\/a><\/span><\/p>\n","protected":false},"author":1,"featured_media":0,"parent":50,"menu_order":0,"comment_status":"closed","ping_status":"closed","template":"","meta":{"footnotes":""},"class_list":["entry","author-sofadmin","post-556","page","type-page","status-publish"],"_links":{"self":[{"href":"https:\/\/sofa-ms.de\/index.php?rest_route=\/wp\/v2\/pages\/556","targetHints":{"allow":["GET"]}}],"collection":[{"href":"https:\/\/sofa-ms.de\/index.php?rest_route=\/wp\/v2\/pages"}],"about":[{"href":"https:\/\/sofa-ms.de\/index.php?rest_route=\/wp\/v2\/types\/page"}],"author":[{"embeddable":true,"href":"https:\/\/sofa-ms.de\/index.php?rest_route=\/wp\/v2\/users\/1"}],"replies":[{"embeddable":true,"href":"https:\/\/sofa-ms.de\/index.php?rest_route=%2Fwp%2Fv2%2Fcomments&post=556"}],"version-history":[{"count":5,"href":"https:\/\/sofa-ms.de\/index.php?rest_route=\/wp\/v2\/pages\/556\/revisions"}],"predecessor-version":[{"id":676,"href":"https:\/\/sofa-ms.de\/index.php?rest_route=\/wp\/v2\/pages\/556\/revisions\/676"}],"up":[{"embeddable":true,"href":"https:\/\/sofa-ms.de\/index.php?rest_route=\/wp\/v2\/pages\/50"}],"wp:attachment":[{"href":"https:\/\/sofa-ms.de\/index.php?rest_route=%2Fwp%2Fv2%2Fmedia&parent=556"}],"curies":[{"name":"wp","href":"https:\/\/api.w.org\/{rel}","templated":true}]}}