{"id":59,"date":"2016-12-18T18:40:49","date_gmt":"2016-12-18T18:40:49","guid":{"rendered":"http:\/\/demo.sofa-ms.de\/?page_id=59"},"modified":"2024-10-16T22:12:57","modified_gmt":"2024-10-16T22:12:57","slug":"kontakt-2","status":"publish","type":"page","link":"https:\/\/sofa-ms.de\/?page_id=59","title":{"rendered":"Kontakt"},"content":{"rendered":"<p>Ihr erreicht uns am besten per Email (s.u.), wenn ihr zum Beispiel in den Newsletter eingetragen werden m\u00f6chtet. Wenn ihr wollt, k\u00f6nnt ihr <a href=\"https:\/\/sofa-ms.de\/?page_id=132\" target=\"_blank\" rel=\"noopener\">diesen<\/a> PGP\/GPG Schl\u00fcssel benutzen, um die E-Mails zu verschl\u00fcsseln.<\/p>\n<p>Post nimmt das Umwelthaus f\u00fcr uns an, dort treffen wir uns auch in unregelm\u00e4\u00dfigen Abst\u00e4nden. Wenn ihr bei uns reinschauen und mitmachen m\u00f6chtet, meldet euch gerne per Email.<\/p>\n<p><img loading=\"lazy\" decoding=\"async\" class=\"alignnone size-medium wp-image-3096\" src=\"https:\/\/sofa-ms.de\/wp-content\/uploads\/2024\/10\/Kontakt-300x213.png\" alt=\"\" width=\"300\" height=\"213\" srcset=\"https:\/\/sofa-ms.de\/wp-content\/uploads\/2024\/10\/Kontakt-300x213.png 300w, https:\/\/sofa-ms.de\/wp-content\/uploads\/2024\/10\/Kontakt-1024x728.png 1024w, https:\/\/sofa-ms.de\/wp-content\/uploads\/2024\/10\/Kontakt-768x546.png 768w, https:\/\/sofa-ms.de\/wp-content\/uploads\/2024\/10\/Kontakt-465x331.png 465w, https:\/\/sofa-ms.de\/wp-content\/uploads\/2024\/10\/Kontakt-695x494.png 695w, https:\/\/sofa-ms.de\/wp-content\/uploads\/2024\/10\/Kontakt.png 1080w\" sizes=\"auto, (max-width: 300px) 100vw, 300px\" \/><\/p>\n<p>&nbsp;<\/p>\n","protected":false},"excerpt":{"rendered":"<p>Ihr erreicht uns am besten per Email (s.u.), wenn ihr zum Beispiel in den Newsletter eingetragen werden m\u00f6chtet. Wenn ihr wollt, k\u00f6nnt ihr diesen PGP\/GPG Schl\u00fcssel benutzen, um die E-Mails zu verschl\u00fcsseln. Post nimmt das Umwelthaus f\u00fcr uns an, dort treffen wir uns auch in unregelm\u00e4\u00dfigen Abst\u00e4nden. Wenn ihr bei<span class=\"more-link\"><a href=\"https:\/\/sofa-ms.de\/?page_id=59\">lies mehr<\/a><\/span><\/p>\n","protected":false},"author":1,"featured_media":0,"parent":50,"menu_order":0,"comment_status":"closed","ping_status":"closed","template":"","meta":{"footnotes":""},"class_list":["entry","author-sofadmin","post-59","page","type-page","status-publish"],"_links":{"self":[{"href":"https:\/\/sofa-ms.de\/index.php?rest_route=\/wp\/v2\/pages\/59","targetHints":{"allow":["GET"]}}],"collection":[{"href":"https:\/\/sofa-ms.de\/index.php?rest_route=\/wp\/v2\/pages"}],"about":[{"href":"https:\/\/sofa-ms.de\/index.php?rest_route=\/wp\/v2\/types\/page"}],"author":[{"embeddable":true,"href":"https:\/\/sofa-ms.de\/index.php?rest_route=\/wp\/v2\/users\/1"}],"replies":[{"embeddable":true,"href":"https:\/\/sofa-ms.de\/index.php?rest_route=%2Fwp%2Fv2%2Fcomments&post=59"}],"version-history":[{"count":8,"href":"https:\/\/sofa-ms.de\/index.php?rest_route=\/wp\/v2\/pages\/59\/revisions"}],"predecessor-version":[{"id":3097,"href":"https:\/\/sofa-ms.de\/index.php?rest_route=\/wp\/v2\/pages\/59\/revisions\/3097"}],"up":[{"embeddable":true,"href":"https:\/\/sofa-ms.de\/index.php?rest_route=\/wp\/v2\/pages\/50"}],"wp:attachment":[{"href":"https:\/\/sofa-ms.de\/index.php?rest_route=%2Fwp%2Fv2%2Fmedia&parent=59"}],"curies":[{"name":"wp","href":"https:\/\/api.w.org\/{rel}","templated":true}]}}