{"id":798,"date":"2017-05-17T13:49:38","date_gmt":"2017-05-17T13:49:38","guid":{"rendered":"https:\/\/sofa-ms.de\/?page_id=798"},"modified":"2017-06-19T20:10:17","modified_gmt":"2017-06-19T20:10:17","slug":"sonderseite-menschenkette-stop-tihange","status":"publish","type":"page","link":"https:\/\/sofa-ms.de\/?page_id=798","title":{"rendered":"Sonderseite: Bus zur Menschenkette Stop Tihange"},"content":{"rendered":"<h5>Allgemeine Infos<\/h5>\n<p>Homepage der <a href=\"https:\/\/www.chain-reaction-tihange.eu\/de\/\">Menschenketten-Kampagne<\/a>. Mehr Informationen zu den Schrott-AKW auf <a href=\"https:\/\/www.stop-tihange.org\/de\">stop-tihange.org.<\/a>Die Gronauer Urananreicherungsanlage und die Lingener Brennelementefabrik beliefern auch die belgischen Schrott-AKW, es geht also nicht &#8222;nur&#8220; um Tihange! All unsere News-Artikel zu <a title=\"Unsere Beitr\u00e4ge zum Thema Tihange\" href=\"https:\/\/sofa-ms.de\/?cat=14\">Tihange<\/a>.\u00a0Alle Infos zum <a href=\"#Bus\">Bus aus M\u00fcnster<\/a>.<\/p>\n<p>Teilnehmende aus dem Regierungsbezirk M\u00fcnster bilden KM 37 der Menschenkette bei Herstal \u2013 Oupeye. Dementsprechend ist das auch Ziel unserer <strong>Busfahrt<\/strong>. Wenn ihr Mitfahrgelegenheiten anbieten k\u00f6nnt, tragt sie <a href=\"https:\/\/www.chain-reaction-tihange.eu\/de\/formular-mitfahrboerse\/\">hier<\/a> ein.<\/p>\n<p>Denkt bitte daran, ausreichend <strong>Essen<\/strong>, <strong>Trinken<\/strong> und <strong>Sonnenschutz<\/strong> mitzunehmen. M\u00f6glicherweise befindet sich ein Supermarkt in der N\u00e4he unseres Streckenabschnitts; sobald wir wissen, ob der auch am 25. (Sonntag!) ge\u00f6ffnet hat, benachrichtigen wir Euch hier.<\/p>\n<h5 id=\"Bus\">Busfahrt aus M\u00fcnster zur Menschenkette<\/h5>\n<p>Wer mit dem Bus aus M\u00fcnster vom <strong>Fri-Vendt-Platz (Fernbusbahnhof)<\/strong> um<strong> 8:00 Uhr<\/strong> fahren m\u00f6chte, kann sich beim <strong>Umweltforum M\u00fcnster: Tel. 0251 \u2013 13 60 23<\/strong> | <strong>info@umweltforum-muenster.de<\/strong> | Fax 0251 \u2013 13 60 24 anmelden oder direkt eine Fahrkarte vorab kaufen. Die Preise belaufen sich auf <strong>17\u20ac f\u00fcr Hin- und R\u00fcckfahrt<\/strong> (10\u20ac erm\u00e4\u00dfigt, 25\u20ac Solidarit\u00e4tspreis).<\/p>\n<p>Da der erste Bus bereits voll ist, haben wir einen zweiten gebucht. Dieser kommt aus <strong>Nottuln<\/strong>, Einstieg dort um 7:15 Uhr an der Bushaltestelle Geiping\/ Appelh\u00fclsener Stra\u00dfe, dann Abfahrt um 8 Uhr in M\u00fcnster und dann nochmal einen Einstieg in <strong>D\u00fclmen<\/strong> um 8:30 Uhr am Real-Parkplatz.<\/p>\n<h5>weitere Busse aus der Region<\/h5>\n<p>Auch aus der <strong>Region Lingen \/ Grafschaft Bentheim<\/strong> wird es einen Bus geben, auf Anfrage \u00fcber <strong>Gronau \/ Ahaus<\/strong>. Anmeldungen bei den <a href=\"http:\/\/www.gruene-grafschaft.de\">Gr\u00fcnen aus der Grafschaft<\/a>. Anti-Atom <strong>Osnabr\u00fcck<\/strong> organisiert ebenfalls einen Bus, Anmeldungen per <a href=\"mailto:info@antiatomgruppe-osnabrueck.de\">Email<\/a>.<\/p>\n<p>Wir freuen uns \u00fcber jede*n, die \/ der mitf\u00e4hrt und mit uns gegen (marode) Atomkraftwerke protestiert.<\/p>\n","protected":false},"excerpt":{"rendered":"<p>Allgemeine Infos Homepage der Menschenketten-Kampagne. Mehr Informationen zu den Schrott-AKW auf stop-tihange.org.Die Gronauer Urananreicherungsanlage und die Lingener Brennelementefabrik beliefern auch die belgischen Schrott-AKW, es geht also nicht &#8222;nur&#8220; um Tihange! All unsere News-Artikel zu Tihange.\u00a0Alle Infos zum Bus aus M\u00fcnster. Teilnehmende aus dem Regierungsbezirk M\u00fcnster bilden KM 37 der Menschenkette<span class=\"more-link\"><a href=\"https:\/\/sofa-ms.de\/?page_id=798\">lies mehr<\/a><\/span><\/p>\n","protected":false},"author":1,"featured_media":0,"parent":0,"menu_order":0,"comment_status":"closed","ping_status":"closed","template":"","meta":{"footnotes":""},"class_list":["entry","author-sofadmin","post-798","page","type-page","status-publish"],"_links":{"self":[{"href":"https:\/\/sofa-ms.de\/index.php?rest_route=\/wp\/v2\/pages\/798","targetHints":{"allow":["GET"]}}],"collection":[{"href":"https:\/\/sofa-ms.de\/index.php?rest_route=\/wp\/v2\/pages"}],"about":[{"href":"https:\/\/sofa-ms.de\/index.php?rest_route=\/wp\/v2\/types\/page"}],"author":[{"embeddable":true,"href":"https:\/\/sofa-ms.de\/index.php?rest_route=\/wp\/v2\/users\/1"}],"replies":[{"embeddable":true,"href":"https:\/\/sofa-ms.de\/index.php?rest_route=%2Fwp%2Fv2%2Fcomments&post=798"}],"version-history":[{"count":18,"href":"https:\/\/sofa-ms.de\/index.php?rest_route=\/wp\/v2\/pages\/798\/revisions"}],"predecessor-version":[{"id":861,"href":"https:\/\/sofa-ms.de\/index.php?rest_route=\/wp\/v2\/pages\/798\/revisions\/861"}],"wp:attachment":[{"href":"https:\/\/sofa-ms.de\/index.php?rest_route=%2Fwp%2Fv2%2Fmedia&parent=798"}],"curies":[{"name":"wp","href":"https:\/\/api.w.org\/{rel}","templated":true}]}}